{"id":1397,"date":"2022-06-21T15:02:04","date_gmt":"2022-06-21T15:02:04","guid":{"rendered":"https:\/\/dcadha.webs.upv.es\/investigacio\/congressos\/"},"modified":"2022-06-21T15:02:04","modified_gmt":"2022-06-21T15:02:04","slug":"congressos","status":"publish","type":"page","link":"https:\/\/dcadha.webs.upv.es\/ca\/investigacio\/congressos\/","title":{"rendered":"Congressos"},"content":{"rendered":"\n<p>Des del DCADHA organitzem diferents congressos de repercussi\u00f3 internacional, vinculats a les nostres \u00e0rees d&#8217;estudi que reuneixen tant professionals, com estudiants i investigadores i investigadors. S\u00f3n espais de reflexi\u00f3 i intercanvi de coneixements, que, edici\u00f3 rere edici\u00f3, sumen centenars de participants.<\/p>\n\n\n\n<div style=\"height:50px\" aria-hidden=\"true\" class=\"wp-block-spacer\"><\/div>\n\n\n\n<div class=\"wp-block-columns is-layout-flex wp-container-core-columns-is-layout-9d6595d7 wp-block-columns-is-layout-flex\">\n<div class=\"wp-block-column is-layout-flow wp-block-column-is-layout-flow\">\n<div class=\"wp-block-group course-block\"><div class=\"wp-block-group__inner-container is-layout-flow wp-block-group-is-layout-flow\">\n<figure class=\"wp-block-image size-post course-img\"><a href=\"https:\/\/comunica2.webs.upv.es\/\"><img loading=\"lazy\" decoding=\"async\" width=\"800\" height=\"555\" src=\"https:\/\/dcadha.webs.upv.es\/wp-content\/uploads\/2022\/06\/258753062_4653412478030709_6150336629360153114_n-800x555.jpg\" alt=\"\" class=\"wp-image-658\"><\/a><\/figure>\n\n\n\n<div class=\"wp-block-group course-content\"><div class=\"wp-block-group__inner-container is-layout-flow wp-block-group-is-layout-flow\">\n<h4 class=\"wp-block-heading\"><a href=\"https:\/\/comunica2.webs.upv.es\" target=\"_blank\" rel=\"noreferrer noopener\">Comunica2<\/a><\/h4>\n\n\n\n<p>\u00c9s el congr\u00e9s organitzat per membres del departament amb m\u00e9s recorregut. Compta amb m\u00e9s de deu edicions i un dels seus objectius primordials \u00e9s analitzar i discutir com ha revolucionat el m\u00f3n la comunicaci\u00f3 2.0. \u00c9s un dels congressos de refer\u00e8ncia en aquest camp.<\/p>\n<\/div><\/div>\n<\/div><\/div>\n<\/div>\n\n\n\n<div class=\"wp-block-column is-layout-flow wp-block-column-is-layout-flow\">\n<div class=\"wp-block-group course-block\"><div class=\"wp-block-group__inner-container is-layout-flow wp-block-group-is-layout-flow\">\n<figure class=\"wp-block-image size-post course-img\"><a href=\"https:\/\/remed.webs.upv.es\/cimed22\/\" target=\"_blank\" rel=\"noreferrer noopener\"><img loading=\"lazy\" decoding=\"async\" width=\"800\" height=\"555\" src=\"https:\/\/dcadha.webs.upv.es\/wp-content\/uploads\/2022\/06\/289237181_595605675462686_8477399711743136726_n-800x555.jpg\" alt=\"\" class=\"wp-image-659\"><\/a><\/figure>\n\n\n\n<div class=\"wp-block-group course-content\"><div class=\"wp-block-group__inner-container is-layout-flow wp-block-group-is-layout-flow\">\n<h4 class=\"wp-block-heading\"><a href=\"https:\/\/remed.webs.upv.es\/cimed22\/\" target=\"_blank\" rel=\"noreferrer noopener\">CIMED<\/a><\/h4>\n\n\n\n<p>\u00c9s el Congr\u00e9s Internacional de Museus i Estrat\u00e8gies Digitals organitzat al costat de la Xarxa de Museus i Estrat\u00e8gies Digitals REMED (creada tamb\u00e9 per professorat del departament). \u00c9s l&#8217;espai en qu\u00e8 es donen a con\u00e8ixer les novetats del sector igual que les estrat\u00e8gies i eines utilitzades.<\/p>\n<\/div><\/div>\n<\/div><\/div>\n\n\n\n<p><\/p>\n<\/div>\n\n\n\n<div class=\"wp-block-column is-layout-flow wp-block-column-is-layout-flow\">\n<div class=\"wp-block-group course-block\"><div class=\"wp-block-group__inner-container is-layout-flow wp-block-group-is-layout-flow\">\n<figure class=\"wp-block-image size-post course-img\"><a href=\"https:\/\/digit-all.org\/\" target=\"_blank\" rel=\"noreferrer noopener\"><img loading=\"lazy\" decoding=\"async\" width=\"800\" height=\"555\" src=\"https:\/\/dcadha.webs.upv.es\/wp-content\/uploads\/2022\/06\/FVc_pisWIAAnyrf-800x555.jpeg\" alt=\"\" class=\"wp-image-662\"><\/a><\/figure>\n\n\n\n<div class=\"wp-block-group course-content\"><div class=\"wp-block-group__inner-container is-layout-flow wp-block-group-is-layout-flow\">\n<h4 class=\"wp-block-heading\"><a href=\"https:\/\/digit-all.org\/\" target=\"_blank\" rel=\"noreferrer noopener\">Digit.all<\/a><\/h4>\n\n\n\n<p>\u00c9s el Congr\u00e9s Internacional de Noves Narratives en la Societat Digital. Aborda l&#8217;estudi de la comunicaci\u00f3 en la societat digital en tots els vessants, des de la ideaci\u00f3 de nous formats audiovisuals fins a les formes i processos d&#8217;acc\u00e9s a la informaci\u00f3.<\/p>\n<\/div><\/div>\n<\/div><\/div>\n\n\n\n<p><\/p>\n<\/div>\n<\/div>\n","protected":false},"excerpt":{"rendered":"<p>Des del DCADHA organitzem diferents congressos de repercussi\u00f3 internacional, vinculats a les nostres \u00e0rees d&#8217;estudi que reuneixen tant professionals, com estudiants i investigadores i investigadors. S\u00f3n espais de reflexi\u00f3 i intercanvi de coneixements, que, edici\u00f3 rere edici\u00f3, sumen centenars de participants. Comunica2 \u00c9s el congr\u00e9s organitzat per membres del departament amb m\u00e9s recorregut. Compta amb [&hellip;]<\/p>\n","protected":false},"author":1,"featured_media":1247,"parent":1395,"menu_order":0,"comment_status":"closed","ping_status":"closed","template":"","meta":{"_acf_changed":false,"footnotes":""},"class_list":["post-1397","page","type-page","status-publish","has-post-thumbnail","hentry"],"acf":[],"_links":{"self":[{"href":"https:\/\/dcadha.webs.upv.es\/ca\/wp-json\/wp\/v2\/pages\/1397","targetHints":{"allow":["GET"]}}],"collection":[{"href":"https:\/\/dcadha.webs.upv.es\/ca\/wp-json\/wp\/v2\/pages"}],"about":[{"href":"https:\/\/dcadha.webs.upv.es\/ca\/wp-json\/wp\/v2\/types\/page"}],"author":[{"embeddable":true,"href":"https:\/\/dcadha.webs.upv.es\/ca\/wp-json\/wp\/v2\/users\/1"}],"replies":[{"embeddable":true,"href":"https:\/\/dcadha.webs.upv.es\/ca\/wp-json\/wp\/v2\/comments?post=1397"}],"version-history":[{"count":0,"href":"https:\/\/dcadha.webs.upv.es\/ca\/wp-json\/wp\/v2\/pages\/1397\/revisions"}],"up":[{"embeddable":true,"href":"https:\/\/dcadha.webs.upv.es\/ca\/wp-json\/wp\/v2\/pages\/1395"}],"wp:featuredmedia":[{"embeddable":true,"href":"https:\/\/dcadha.webs.upv.es\/ca\/wp-json\/wp\/v2\/media\/1247"}],"wp:attachment":[{"href":"https:\/\/dcadha.webs.upv.es\/ca\/wp-json\/wp\/v2\/media?parent=1397"}],"curies":[{"name":"wp","href":"https:\/\/api.w.org\/{rel}","templated":true}]}}