{"id":1396,"date":"2021-07-16T12:18:53","date_gmt":"2021-07-16T12:18:53","guid":{"rendered":"https:\/\/dcadha.webs.upv.es\/empresa-2\/"},"modified":"2021-07-16T12:18:53","modified_gmt":"2021-07-16T12:18:53","slug":"empresa-2","status":"publish","type":"page","link":"https:\/\/dcadha.webs.upv.es\/ca\/empresa-2\/","title":{"rendered":"Empresa"},"content":{"rendered":"\n<p>El nostre departament col\u00b7labora amb diverses companyies, tant a trav\u00e9s&nbsp; de convenis de pr\u00e0ctiques per als nostres alumnes, com a trav\u00e9s d&nbsp;&#8216;assessoria i consultoria especialitzades. Comptem amb una xarxa d&#8217;alumnat en pr\u00e0ctiques i graduats especialistes en:<\/p>\n\n\n\n<div style=\"height:50px\" aria-hidden=\"true\" class=\"wp-block-spacer\"><\/div>\n\n\n\n<div class=\"wp-block-columns is-layout-flex wp-container-core-columns-is-layout-9d6595d7 wp-block-columns-is-layout-flex\">\n<div class=\"wp-block-column is-layout-flow wp-block-column-is-layout-flow\">\n<div class=\"wp-block-group about-text-block justify-content-center\"><div class=\"wp-block-group__inner-container is-layout-flow wp-block-group-is-layout-flow\">\n<div class=\"wp-block-group icon-box\"><div class=\"wp-block-group__inner-container is-layout-flow wp-block-group-is-layout-flow\">\n<i class=\"fal fa-camera-movie\"><\/i>\n<\/div><\/div>\n\n\n\n<div class=\"wp-block-group about-desc\"><div class=\"wp-block-group__inner-container is-layout-flow wp-block-group-is-layout-flow\">\n<h4 class=\"wp-block-heading\">Comunicaci\u00f3 audiovisual<\/h4>\n<\/div><\/div>\n<\/div><\/div>\n<\/div>\n\n\n\n<div class=\"wp-block-column is-layout-flow wp-block-column-is-layout-flow\">\n<div class=\"wp-block-group about-text-block justify-content-center\"><div class=\"wp-block-group__inner-container is-layout-flow wp-block-group-is-layout-flow\">\n<div class=\"wp-block-group icon-box\"><div class=\"wp-block-group__inner-container is-layout-flow wp-block-group-is-layout-flow\">\n<i class=\"fal fa-landmark\"><\/i>\n<\/div><\/div>\n\n\n\n<div class=\"wp-block-group about-desc\"><div class=\"wp-block-group__inner-container is-layout-flow wp-block-group-is-layout-flow\">\n<h4 class=\"wp-block-heading\">Gesti\u00f3 cultural, muse\u00edstica i del patrimoni<\/h4>\n<\/div><\/div>\n<\/div><\/div>\n<\/div>\n\n\n\n<div class=\"wp-block-column is-layout-flow wp-block-column-is-layout-flow\">\n<div class=\"wp-block-group about-text-block justify-content-center\"><div class=\"wp-block-group__inner-container is-layout-flow wp-block-group-is-layout-flow\">\n<div class=\"wp-block-group icon-box\"><div class=\"wp-block-group__inner-container is-layout-flow wp-block-group-is-layout-flow\">\n<i class=\"fal fa-laptop\"><\/i>\n<\/div><\/div>\n\n\n\n<div class=\"wp-block-group about-desc\"><div class=\"wp-block-group__inner-container is-layout-flow wp-block-group-is-layout-flow\">\n<h4 class=\"wp-block-heading\">Transm\u00e8dia<\/h4>\n\n\n\n<p>En periodisme, educaci\u00f3, entreteniment<\/p>\n<\/div><\/div>\n<\/div><\/div>\n<\/div>\n<\/div>\n\n\n\n<div class=\"wp-block-columns is-layout-flex wp-container-core-columns-is-layout-9d6595d7 wp-block-columns-is-layout-flex\">\n<div class=\"wp-block-column is-layout-flow wp-block-column-is-layout-flow\">\n<div class=\"wp-block-group about-text-block justify-content-center\"><div class=\"wp-block-group__inner-container is-layout-flow wp-block-group-is-layout-flow\">\n<div class=\"wp-block-group icon-box\"><div class=\"wp-block-group__inner-container is-layout-flow wp-block-group-is-layout-flow\">\n<i class=\"fal fa-edit\"><\/i>\n<\/div><\/div>\n\n\n\n<div class=\"wp-block-group about-desc\"><div class=\"wp-block-group__inner-container is-layout-flow wp-block-group-is-layout-flow\">\n<h4 class=\"wp-block-heading\">Copywriting, mitj\u00e0 social i community management,<\/h4>\n<\/div><\/div>\n<\/div><\/div>\n<\/div>\n\n\n\n<div class=\"wp-block-column is-layout-flow wp-block-column-is-layout-flow\">\n<div class=\"wp-block-group about-text-block justify-content-center\"><div class=\"wp-block-group__inner-container is-layout-flow wp-block-group-is-layout-flow\">\n<div class=\"wp-block-group icon-box\"><div class=\"wp-block-group__inner-container is-layout-flow wp-block-group-is-layout-flow\">\n<i class=\"fal fa-tv-music\"><\/i>\n<\/div><\/div>\n\n\n\n<div class=\"wp-block-group about-desc\"><div class=\"wp-block-group__inner-container is-layout-flow wp-block-group-is-layout-flow\">\n<h4 class=\"wp-block-heading\"> Creaci\u00f3 i edici\u00f3 de v\u00eddeo \/ \u00e0udio<\/h4>\n\n\n\n<p>Podcasting<\/p>\n<\/div><\/div>\n<\/div><\/div>\n<\/div>\n\n\n\n<div class=\"wp-block-column is-layout-flow wp-block-column-is-layout-flow\">\n<div class=\"wp-block-group about-text-block justify-content-center\"><div class=\"wp-block-group__inner-container is-layout-flow wp-block-group-is-layout-flow\">\n<div class=\"wp-block-group icon-box\"><div class=\"wp-block-group__inner-container is-layout-flow wp-block-group-is-layout-flow\">\n<i class=\"fal fa-chalkboard-teacher\"><\/i>\n<\/div><\/div>\n\n\n\n<div class=\"wp-block-group about-desc\"><div class=\"wp-block-group__inner-container is-layout-flow wp-block-group-is-layout-flow\">\n<h4 class=\"wp-block-heading\">Educaci\u00f3 i formaci\u00f3 human\u00edstica<\/h4>\n\n\n\n<p><\/p>\n<\/div><\/div>\n<\/div><\/div>\n<\/div>\n<\/div>\n\n\n\n<div class=\"wp-block-columns is-layout-flex wp-container-core-columns-is-layout-9d6595d7 wp-block-columns-is-layout-flex\">\n<div class=\"wp-block-column is-layout-flow wp-block-column-is-layout-flow\">\n<div class=\"wp-block-group about-text-block justify-content-center\"><div class=\"wp-block-group__inner-container is-layout-flow wp-block-group-is-layout-flow\">\n<div class=\"wp-block-group icon-box\"><div class=\"wp-block-group__inner-container is-layout-flow wp-block-group-is-layout-flow\">\n<i class=\"fal fa-desktop\"><\/i>\n<\/div><\/div>\n\n\n\n<div class=\"wp-block-group about-desc\"><div class=\"wp-block-group__inner-container is-layout-flow wp-block-group-is-layout-flow\">\n<h4 class=\"wp-block-heading\">M\u00e0rqueting i publicitat digital<\/h4>\n<\/div><\/div>\n<\/div><\/div>\n<\/div>\n\n\n\n<div class=\"wp-block-column is-layout-flow wp-block-column-is-layout-flow\">\n<div class=\"wp-block-group about-text-block justify-content-center\"><div class=\"wp-block-group__inner-container is-layout-flow wp-block-group-is-layout-flow\">\n<div class=\"wp-block-group icon-box\"><div class=\"wp-block-group__inner-container is-layout-flow wp-block-group-is-layout-flow\">\n<i class=\"fal fa-paint-brush\"><\/i>\n<\/div><\/div>\n\n\n\n<div class=\"wp-block-group about-desc\"><div class=\"wp-block-group__inner-container is-layout-flow wp-block-group-is-layout-flow\">\n<h4 class=\"wp-block-heading\">Valoraci\u00f3 art\u00edstica<\/h4>\n<\/div><\/div>\n<\/div><\/div>\n<\/div>\n\n\n\n<div class=\"wp-block-column is-layout-flow wp-block-column-is-layout-flow\">\n<div class=\"wp-block-group about-text-block justify-content-center\"><div class=\"wp-block-group__inner-container is-layout-flow wp-block-group-is-layout-flow\">\n<div class=\"wp-block-group icon-box\"><div class=\"wp-block-group__inner-container is-layout-flow wp-block-group-is-layout-flow\">\n<i class=\"fal fa-users-slash\"><\/i>\n<\/div><\/div>\n\n\n\n<div class=\"wp-block-group about-desc\"><div class=\"wp-block-group__inner-container is-layout-flow wp-block-group-is-layout-flow\">\n<h4 class=\"wp-block-heading\">Segmentaci\u00f3 i an\u00e0lisi d&#8217;audi\u00e8ncies<\/h4>\n<\/div><\/div>\n<\/div><\/div>\n<\/div>\n<\/div>\n\n\n\n<div class=\"wp-block-columns is-layout-flex wp-container-core-columns-is-layout-9d6595d7 wp-block-columns-is-layout-flex\">\n<div class=\"wp-block-column is-layout-flow wp-block-column-is-layout-flow\">\n<div class=\"wp-block-group about-text-block justify-content-center\"><div class=\"wp-block-group__inner-container is-layout-flow wp-block-group-is-layout-flow\">\n<div class=\"wp-block-group icon-box\"><div class=\"wp-block-group__inner-container is-layout-flow wp-block-group-is-layout-flow\">\n<i class=\"fal fa-music\"><\/i>\n<\/div><\/div>\n\n\n\n<div class=\"wp-block-group about-desc\"><div class=\"wp-block-group__inner-container is-layout-flow wp-block-group-is-layout-flow\">\n<h4 class=\"wp-block-heading\">M\u00fasica<\/h4>\n<\/div><\/div>\n<\/div><\/div>\n<\/div>\n\n\n\n<div class=\"wp-block-column is-layout-flow wp-block-column-is-layout-flow\">\n<div class=\"wp-block-group about-text-block justify-content-center\"><div class=\"wp-block-group__inner-container is-layout-flow wp-block-group-is-layout-flow\">\n<div class=\"wp-block-group icon-box\"><div class=\"wp-block-group__inner-container is-layout-flow wp-block-group-is-layout-flow\">\n<i class=\"fal fa-browser\"><\/i>\n<\/div><\/div>\n\n\n\n<div class=\"wp-block-group about-desc\"><div class=\"wp-block-group__inner-container is-layout-flow wp-block-group-is-layout-flow\">\n<h4 class=\"wp-block-heading\">Disseny web, disseny d&#8217;interacci\u00f3 i arquitectura d&#8217;informaci\u00f3<\/h4>\n<\/div><\/div>\n<\/div><\/div>\n<\/div>\n\n\n\n<div class=\"wp-block-column is-layout-flow wp-block-column-is-layout-flow\">\n<div class=\"wp-block-group about-text-block justify-content-center\"><div class=\"wp-block-group__inner-container is-layout-flow wp-block-group-is-layout-flow\">\n<div class=\"wp-block-group icon-box\"><div class=\"wp-block-group__inner-container is-layout-flow wp-block-group-is-layout-flow\">\n<i class=\"fal fa-people-arrows\"><\/i>\n<\/div><\/div>\n\n\n\n<div class=\"wp-block-group about-desc\"><div class=\"wp-block-group__inner-container is-layout-flow wp-block-group-is-layout-flow\">\n<h4 class=\"wp-block-heading\">Humanitats digitals<\/h4>\n<\/div><\/div>\n<\/div><\/div>\n<\/div>\n<\/div>\n\n\n\n<div class=\"wp-block-columns is-layout-flex wp-container-core-columns-is-layout-9d6595d7 wp-block-columns-is-layout-flex\">\n<div class=\"wp-block-column is-layout-flow wp-block-column-is-layout-flow\">\n<div class=\"wp-block-group about-text-block justify-content-center\"><div class=\"wp-block-group__inner-container is-layout-flow wp-block-group-is-layout-flow\">\n<div class=\"wp-block-group icon-box\"><div class=\"wp-block-group__inner-container is-layout-flow wp-block-group-is-layout-flow\">\n<i class=\"fal fa-monument\"><\/i>\n<\/div><\/div>\n\n\n\n<div class=\"wp-block-group about-desc\"><div class=\"wp-block-group__inner-container is-layout-flow wp-block-group-is-layout-flow\">\n<h4 class=\"wp-block-heading\">Conservaci\u00f3 i restauraci\u00f3<\/h4>\n<\/div><\/div>\n<\/div><\/div>\n<\/div>\n\n\n\n<div class=\"wp-block-column is-layout-flow wp-block-column-is-layout-flow\">\n<div class=\"wp-block-group about-text-block justify-content-center\"><div class=\"wp-block-group__inner-container is-layout-flow wp-block-group-is-layout-flow\">\n<div class=\"wp-block-group icon-box\"><div class=\"wp-block-group__inner-container is-layout-flow wp-block-group-is-layout-flow\">\n<i class=\"fal fa-pencil-paintbrush\"><\/i>\n<\/div><\/div>\n\n\n\n<div class=\"wp-block-group about-desc\"><div class=\"wp-block-group__inner-container is-layout-flow wp-block-group-is-layout-flow\">\n<h4 class=\"wp-block-heading\">Disseny gr\u00e0fic<\/h4>\n<\/div><\/div>\n<\/div><\/div>\n<\/div>\n\n\n\n<div class=\"wp-block-column is-layout-flow wp-block-column-is-layout-flow\"><\/div>\n<\/div>\n\n\n\n<p>Per a localitzar als alumnes que s&#8217;adeq\u00fcen a les teues necessitats, &nbsp;contacta amb nosaltres en el correu <a href=\"mailto:dephar@upvnet.upv.es\">dephar@upvnet.upv.es<\/a> o per mitj\u00e0 del formulari de&nbsp; contacte.<\/p>\n\n\n\n<p>A m\u00e9s, les investigadores i investigadors i el professorat del Departament de&nbsp;Comunicaci\u00f3 Audiovisual, Documentaci\u00f3 i Hist\u00f2ria de l&#8217;Art impulsem&nbsp;la innovaci\u00f3 i investigaci\u00f3 per a pimes, multinacionals i entitats&nbsp; p\u00fabliques de molt diversos sectors; des de serveis com el turisme o &nbsp;les ind\u00fastries culturals passant per museus o les administracions&nbsp; p\u00fabliques, fins a sectors productius i comercialitzadors com el vi &nbsp;o la moda, entre altres. Com?<\/p>\n\n\n\n<ul class=\"about-features wp-block-list\"><li>Assessorem en la millora dels seus processos de transformaci\u00f3 digital.<\/li><li>Analitzem el seu llenguatge comunicatiu, la seua imatge de marca i la seua&nbsp;pres\u00e8ncia en Internet, en mercats nacionals i internacionals.<\/li><li>Dissenyem i redissenyem Experi\u00e8ncies d&#8217;Usuari i del Ciutad\u00e0.<\/li><li>Estudiem i auditem el seu coneixement de la compet\u00e8ncia en el &nbsp;sector, o d&#8217;usuaris i clients potencials.<\/li><li>Optimitzem els seus actius digitals i humans, combinant la&nbsp; creativitat amb les metodologies cient\u00edfiques.<\/li><li>Aportem experi\u00e8ncia professional i investigadora nacional i internacional.<\/li><\/ul>\n\n\n\n<p>El proc\u00e9s \u00e9s senzill, s&#8217;elabora un conveni de col\u00b7laboraci\u00f3 i es&nbsp; treballa entre empresa i departament per a delimitar la dimensi\u00f3 d&nbsp;&#8216;aquesta. Aquesta col\u00b7laboraci\u00f3 pot prendre la forma de contractes de&nbsp;pr\u00e0ctiques; assessorament professional&nbsp; desenvolupament de projectes d&#8217;R+D &nbsp;concrets; treballs final de grau, final de m\u00e0ster o doctorats &nbsp;industrials enfocats en solucions espec\u00edfiques per a empreses; o la&nbsp; generaci\u00f3 d&#8217;una c\u00e0tedra d&#8217;investigaci\u00f3, que apunta a un esfor\u00e7 &nbsp;continuat en el temps i a una cocreaci\u00f3 innovadora. Tu aportes un &nbsp;repte, nosaltres idees i solucions. Si necessites m\u00e9s informaci\u00f3, tant per a oferir pr\u00e0ctiques als nostres &nbsp;alumnes amb el suport d&#8217;un tutor universitari, com per a descobrir &nbsp; com podem ajudar-te en les teues necessitats concretes en mat\u00e8ria de&nbsp; transfer\u00e8ncia d&#8217;investigaci\u00f3 i innovaci\u00f3, contacta amb nosaltres al &nbsp; correu <a href=\"mailto:dephar@upvnet.upv.es\">dephar@upvnet.upv.es<\/a> o per mitj\u00e0 del formulari de contacte.<\/p>\n\n\n\n<div style=\"height:100px\" aria-hidden=\"true\" class=\"wp-block-spacer\"><\/div>\n\n\n\n<div class=\"wp-block-group\"><div class=\"wp-block-group__inner-container is-layout-flow wp-block-group-is-layout-flow\">\n<p class=\"has-text-align-center subheading\" id=\"block-23e1a9a9-0aaf-4ef1-9f0b-a2f39d1f8c98\">Contacte<\/p>\n\n\n\n<h2 class=\"has-text-align-center wp-block-heading\" id=\"block-2e689cd5-c1b6-4149-a316-7b3a0cd1684c\">Contacta amb nosaltres<\/h2>\n<\/div><\/div>\n\n\n\n<div style=\"height:100px\" aria-hidden=\"true\" class=\"wp-block-spacer\"><\/div>\n\n\n\n<div class=\"wpcf7 no-js\" id=\"wpcf7-f461-o1\" lang=\"es-ES\" dir=\"ltr\" data-wpcf7-id=\"461\">\n<div class=\"screen-reader-response\"><p role=\"status\" aria-live=\"polite\" aria-atomic=\"true\"><\/p> <ul><\/ul><\/div>\n<form action=\"\/ca\/wp-json\/wp\/v2\/pages\/1396#wpcf7-f461-o1\" method=\"post\" class=\"wpcf7-form init\" aria-label=\"Formulario de contacto\" novalidate=\"novalidate\" data-status=\"init\">\n<fieldset class=\"hidden-fields-container\"><input type=\"hidden\" name=\"_wpcf7\" value=\"461\" \/><input type=\"hidden\" name=\"_wpcf7_version\" value=\"6.1.5\" \/><input type=\"hidden\" name=\"_wpcf7_locale\" value=\"es_ES\" \/><input type=\"hidden\" name=\"_wpcf7_unit_tag\" value=\"wpcf7-f461-o1\" \/><input type=\"hidden\" name=\"_wpcf7_container_post\" value=\"0\" \/><input type=\"hidden\" name=\"_wpcf7_posted_data_hash\" value=\"\" \/>\n<\/fieldset>\n<div class=\"contact__form\">\n\t<div class=\"row\">\n\t\t<div class=\"col-lg-6\">\n\t\t\t<div class=\"form-group\">\n\t\t\t\t<p>[text nombre class:form-control placeholder \"Nombre\" akismet:author]\n\t\t\t\t<\/p>\n\t\t\t<\/div>\n\t\t<\/div>\n\t\t<div class=\"col-lg-6\">\n\t\t\t<div class=\"form-group\">\n\t\t\t\t<p>[email* correo class:form-control placeholder \"Correo electr\u00f3nico\" akismet:author_email]\n\t\t\t\t<\/p>\n\t\t\t<\/div>\n\t\t<\/div>\n\t\t<div class=\"col-lg-12\">\n\t\t\t<div class=\"form-group\">\n\t\t\t\t<p><span class=\"wpcf7-form-control-wrap\" data-name=\"asunto\"><input size=\"40\" maxlength=\"400\" class=\"wpcf7-form-control wpcf7-text form-control\" aria-invalid=\"false\" placeholder=\"Tel\u00e9fono\" value=\"\" type=\"text\" name=\"asunto\" \/><\/span>\n\t\t\t\t<\/p>\n\t\t\t<\/div>\n\t\t<\/div>\n\t\t<div class=\"col-lg-12\">\n\t\t\t<div class=\"form-group\">\n\t\t\t\t<p>[textarea textarea-72 class:form-control placeholder \"\u00bfQu\u00e9 necesitas?\" akismet:author_url]\n\t\t\t\t<\/p>\n\t\t\t<\/div>\n\t\t<\/div>\n\t\t<div class=\"col-lg-12 text-center\">\n\t\t\t<p><input class=\"wpcf7-form-control wpcf7-submit has-spinner btn btn-main\" type=\"submit\" value=\"Enviar\" \/>\n\t\t\t<\/p>\n\t\t<\/div>\n\t<\/div>\n<\/div><p style=\"display: none !important;\" class=\"akismet-fields-container\" data-prefix=\"_wpcf7_ak_\"><label>&#916;<textarea name=\"_wpcf7_ak_hp_textarea\" cols=\"45\" rows=\"8\" maxlength=\"100\"><\/textarea><\/label><input type=\"hidden\" id=\"ak_js_1\" name=\"_wpcf7_ak_js\" value=\"98\"\/><script type=\"text\/javascript\">\n\/* <![CDATA[ *\/\ndocument.getElementById( \"ak_js_1\" ).setAttribute( \"value\", ( new Date() ).getTime() );\n\/* ]]> *\/\n<\/script>\n<\/p><div class=\"wpcf7-response-output\" aria-hidden=\"true\"><\/div>\n<\/form>\n<\/div>\n\n","protected":false},"excerpt":{"rendered":"<p>El nostre departament col\u00b7labora amb diverses companyies, tant a trav\u00e9s&nbsp; de convenis de pr\u00e0ctiques per als nostres alumnes, com a trav\u00e9s d&nbsp;&#8216;assessoria i consultoria especialitzades. Comptem amb una xarxa d&#8217;alumnat en pr\u00e0ctiques i graduats especialistes en: Comunicaci\u00f3 audiovisual Gesti\u00f3 cultural, muse\u00edstica i del patrimoni Transm\u00e8dia En periodisme, educaci\u00f3, entreteniment Copywriting, mitj\u00e0 social i community management, [&hellip;]<\/p>\n","protected":false},"author":1,"featured_media":1201,"parent":0,"menu_order":0,"comment_status":"closed","ping_status":"closed","template":"","meta":{"_acf_changed":false,"footnotes":""},"class_list":["post-1396","page","type-page","status-publish","has-post-thumbnail","hentry"],"acf":[],"_links":{"self":[{"href":"https:\/\/dcadha.webs.upv.es\/ca\/wp-json\/wp\/v2\/pages\/1396","targetHints":{"allow":["GET"]}}],"collection":[{"href":"https:\/\/dcadha.webs.upv.es\/ca\/wp-json\/wp\/v2\/pages"}],"about":[{"href":"https:\/\/dcadha.webs.upv.es\/ca\/wp-json\/wp\/v2\/types\/page"}],"author":[{"embeddable":true,"href":"https:\/\/dcadha.webs.upv.es\/ca\/wp-json\/wp\/v2\/users\/1"}],"replies":[{"embeddable":true,"href":"https:\/\/dcadha.webs.upv.es\/ca\/wp-json\/wp\/v2\/comments?post=1396"}],"version-history":[{"count":0,"href":"https:\/\/dcadha.webs.upv.es\/ca\/wp-json\/wp\/v2\/pages\/1396\/revisions"}],"wp:featuredmedia":[{"embeddable":true,"href":"https:\/\/dcadha.webs.upv.es\/ca\/wp-json\/wp\/v2\/media\/1201"}],"wp:attachment":[{"href":"https:\/\/dcadha.webs.upv.es\/ca\/wp-json\/wp\/v2\/media?parent=1396"}],"curies":[{"name":"wp","href":"https:\/\/api.w.org\/{rel}","templated":true}]}}