{"id":1395,"date":"2021-07-16T12:18:28","date_gmt":"2021-07-16T12:18:28","guid":{"rendered":"https:\/\/dcadha.webs.upv.es\/investigacio\/"},"modified":"2023-07-14T17:12:35","modified_gmt":"2023-07-14T17:12:35","slug":"investigacio","status":"publish","type":"page","link":"https:\/\/dcadha.webs.upv.es\/ca\/investigacio\/","title":{"rendered":"Investigaci\u00f3"},"content":{"rendered":"\n<div class=\"wp-block-columns is-layout-flex wp-container-core-columns-is-layout-9d6595d7 wp-block-columns-is-layout-flex\">\n<div class=\"wp-block-column is-layout-flow wp-block-column-is-layout-flow\" style=\"flex-basis:25%\"><\/div>\n\n\n\n<div class=\"wp-block-column is-layout-flow wp-block-column-is-layout-flow\" style=\"flex-basis:50%\">\n<p class=\"has-text-align-center subheading mb-0\">investigaci\u00f3<\/p>\n\n\n\n<h2 class=\"wp-block-heading has-text-align-center\" id=\"equipo\">Presentaci\u00f3<\/h2>\n<\/div>\n\n\n\n<div class=\"wp-block-column is-layout-flow wp-block-column-is-layout-flow\" style=\"flex-basis:25%\"><\/div>\n<\/div>\n\n\n\n<p>El DCADHA \u00e9s un departament amb un marcat car\u00e0cter multidisciplinari format per un equip de <strong>professors especialitzats en 8 \u00e0rees de coneixement<\/strong> com s\u00f3n Comunicaci\u00f3 Audiovisual, Biblioteconomia i Documentaci\u00f3, Hist\u00f2ria de l&#8217;Art, Est\u00e8tica, Publicitat, M\u00fasica i Hist\u00f2ria de l&#8217;Educaci\u00f3, aix\u00ed com altres camps afins com la Fotografia, Museologia o Gesti\u00f3 cultural.<\/p>\n\n\n\n<p>La versatilitat d&#8217;aquestes \u00e0rees permet generar <strong>sinergies amb altres camps i disciplines<\/strong>, afavorint la interdisciplinarietat i transdisciplinarietat. Els coneixements d&#8217;aquestes parcel\u00b7les de coneixement permeten dotar altres disciplines de solucions pr\u00e0ctiques i aplicades (per exemple Matem\u00e0tiques, Estad\u00edstica, Sociologia, Economia, Inform\u00e0tica, Hist\u00f2ria) aix\u00ed com desenvolupar l\u00ednies emergents gr\u00e0cies als coneixements d&#8217;aquestes mat\u00e8ries (per exemple, Humanitats digitals, m\u00e0rqueting de continguts, bibliometria web).<\/p>\n\n\n\n<div style=\"height:50px\" aria-hidden=\"true\" class=\"wp-block-spacer\"><\/div>\n\n\n\n<div class=\"wp-block-buttons is-layout-flex wp-block-buttons-is-layout-flex\">\n<div class=\"wp-block-button aligncenter\"><a class=\"wp-block-button__link wp-element-button\" href=\"https:\/\/dcadha.webs.upv.es\/?page_id=275\">Saber m\u00e9s<\/a><\/div>\n<\/div>\n\n\n\n<div style=\"height:100px\" aria-hidden=\"true\" class=\"wp-block-spacer\"><\/div>\n\n\n\n<div class=\"wp-block-columns is-layout-flex wp-container-core-columns-is-layout-9d6595d7 wp-block-columns-is-layout-flex\">\n<div class=\"wp-block-column is-layout-flow wp-block-column-is-layout-flow\" style=\"flex-basis:25%\"><\/div>\n\n\n\n<div class=\"wp-block-column is-layout-flow wp-block-column-is-layout-flow\" style=\"flex-basis:50%\">\n<p class=\"has-text-align-center subheading mb-0\">investigaci\u00f3<\/p>\n\n\n\n<h2 class=\"wp-block-heading has-text-align-center\" id=\"equipo\">Grups d&#8217;investigaci\u00f3<\/h2>\n\n\n\n<p class=\"has-text-align-center\">El DCADHA compta amb tres grups d&#8217;investigaci\u00f3, que s\u00f3n els seg\u00fcents:<\/p>\n<\/div>\n\n\n\n<div class=\"wp-block-column is-layout-flow wp-block-column-is-layout-flow\" style=\"flex-basis:25%\"><\/div>\n<\/div>\n\n\n\n<div class=\"wp-block-columns are-vertically-aligned-center text-center is-layout-flex wp-container-core-columns-is-layout-9d6595d7 wp-block-columns-is-layout-flex\">\n<div class=\"wp-block-column is-vertically-aligned-center is-layout-flow wp-block-column-is-layout-flow\">\n<div class=\"wp-block-group course-block course-list-item\"><div class=\"wp-block-group__inner-container is-layout-flow wp-block-group-is-layout-flow\">\n<figure class=\"wp-block-image size-medium\"><a href=\"https:\/\/imetricslab.webs.upv.es\/\" target=\"_blank\" rel=\"noreferrer noopener\"><img loading=\"lazy\" decoding=\"async\" width=\"300\" height=\"54\" src=\"https:\/\/dcadha.webs.upv.es\/wp-content\/uploads\/2022\/06\/cropped-color-corporativo_color-corporativo-e1626191230958-300x54.png\" alt=\"\" class=\"wp-image-508\" srcset=\"https:\/\/dcadha.webs.upv.es\/wp-content\/uploads\/2022\/06\/cropped-color-corporativo_color-corporativo-e1626191230958-300x54.png 300w, https:\/\/dcadha.webs.upv.es\/wp-content\/uploads\/2022\/06\/cropped-color-corporativo_color-corporativo-e1626191230958-1024x184.png 1024w, https:\/\/dcadha.webs.upv.es\/wp-content\/uploads\/2022\/06\/cropped-color-corporativo_color-corporativo-e1626191230958-768x138.png 768w, https:\/\/dcadha.webs.upv.es\/wp-content\/uploads\/2022\/06\/cropped-color-corporativo_color-corporativo-e1626191230958-1536x276.png 1536w, https:\/\/dcadha.webs.upv.es\/wp-content\/uploads\/2022\/06\/cropped-color-corporativo_color-corporativo-e1626191230958-2048x368.png 2048w, https:\/\/dcadha.webs.upv.es\/wp-content\/uploads\/2022\/06\/cropped-color-corporativo_color-corporativo-e1626191230958-150x27.png 150w\" sizes=\"auto, (max-width: 300px) 100vw, 300px\" \/><\/a><\/figure>\n\n\n\n<h2 class=\"wp-block-heading\">iMetrics Lab<\/h2>\n<\/div><\/div>\n<\/div>\n\n\n\n<div class=\"wp-block-column is-vertically-aligned-center is-layout-flow wp-block-column-is-layout-flow\">\n<div class=\"wp-block-group course-block course-list-item\"><div class=\"wp-block-group__inner-container is-layout-flow wp-block-group-is-layout-flow\">\n<figure class=\"wp-block-image size-large\"><a href=\"https:\/\/articom.webs.upv.es\/\" target=\"_blank\" rel=\"noreferrer noopener\"><img loading=\"lazy\" decoding=\"async\" width=\"1024\" height=\"334\" src=\"https:\/\/dcadha.webs.upv.es\/wp-content\/uploads\/2022\/06\/articom-logo-1024x334.png\" alt=\"\" class=\"wp-image-512\" srcset=\"https:\/\/dcadha.webs.upv.es\/wp-content\/uploads\/2022\/06\/articom-logo-1024x334.png 1024w, https:\/\/dcadha.webs.upv.es\/wp-content\/uploads\/2022\/06\/articom-logo-300x98.png 300w, https:\/\/dcadha.webs.upv.es\/wp-content\/uploads\/2022\/06\/articom-logo-768x250.png 768w, https:\/\/dcadha.webs.upv.es\/wp-content\/uploads\/2022\/06\/articom-logo-1536x501.png 1536w, https:\/\/dcadha.webs.upv.es\/wp-content\/uploads\/2022\/06\/articom-logo-2048x668.png 2048w, https:\/\/dcadha.webs.upv.es\/wp-content\/uploads\/2022\/06\/articom-logo-150x49.png 150w\" sizes=\"auto, (max-width: 1024px) 100vw, 1024px\" \/><\/a><\/figure>\n<\/div><\/div>\n<\/div>\n<\/div>\n\n\n\n<div style=\"height:40px\" aria-hidden=\"true\" class=\"wp-block-spacer\"><\/div>\n\n\n\n<div class=\"wp-block-buttons is-content-justification-center is-layout-flex wp-container-core-buttons-is-layout-16018d1d wp-block-buttons-is-layout-flex\">\n<div class=\"wp-block-button\"><a class=\"wp-block-button__link wp-element-button\" href=\"https:\/\/dcadha.webs.upv.es\/?page_id=230\">M\u00e9s informaci\u00f3<\/a><\/div>\n<\/div>\n\n\n\n<div style=\"height:100px\" aria-hidden=\"true\" class=\"wp-block-spacer\"><\/div>\n\n\n\n<div class=\"wp-block-group alignfull section-padding has-background\" style=\"background-color:#f7f5f4\"><div class=\"wp-block-group__inner-container is-layout-flow wp-block-group-is-layout-flow\">\n<div class=\"wp-block-group container\"><div class=\"wp-block-group__inner-container is-layout-flow wp-block-group-is-layout-flow\">\n<div class=\"wp-block-columns is-layout-flex wp-container-core-columns-is-layout-9d6595d7 wp-block-columns-is-layout-flex\">\n<div class=\"wp-block-column is-layout-flow wp-block-column-is-layout-flow\">\n<div class=\"wp-block-columns is-layout-flex wp-container-core-columns-is-layout-9d6595d7 wp-block-columns-is-layout-flex\">\n<div class=\"wp-block-column is-layout-flow wp-block-column-is-layout-flow\" style=\"flex-basis:50%\">\n<p class=\"has-text-align-left subheading mb-0\">Investigaci\u00f3<\/p>\n\n\n\n<h2 class=\"wp-block-heading has-text-align-left\" id=\"equipo\">Congressos<\/h2>\n<\/div>\n<\/div>\n\n\n\n<p>Des del DCADHA organitzem diferents congressos de repercussi\u00f3 internacional, vinculats a les nostres \u00e0rees d&#8217;estudi que reuneixen tant professionals, com estudiants i investigadores i investigadors. S\u00f3n espais de reflexi\u00f3 i intercanvi de coneixements, que, edici\u00f3 rere edici\u00f3, sumen centenars de participants.<\/p>\n\n\n\n<div style=\"height:50px\" aria-hidden=\"true\" class=\"wp-block-spacer\"><\/div>\n\n\n\n<div class=\"wp-block-buttons is-layout-flex wp-block-buttons-is-layout-flex\">\n<div class=\"wp-block-button\"><a class=\"wp-block-button__link wp-element-button\" href=\"https:\/\/dcadha.webs.upv.es\/?page_id=643\">M\u00e9s informaci\u00f3<\/a><\/div>\n<\/div>\n<\/div>\n\n\n\n<div class=\"wp-block-column is-layout-flow wp-block-column-is-layout-flow\">\n<div class=\"cifras\">\n  <div class=\"testimonials-slides-2 owl-carousel owl-theme\">\n                <div class=\"testimonial-item\" style=\"height:350px; background-size:cover; background-image:url('https:\/\/dcadha.webs.upv.es\/wp-content\/uploads\/2022\/06\/258753062_4653412478030709_6150336629360153114_n.jpg')\">\n      \n      <\/div>\n            <div class=\"testimonial-item\" style=\"height:350px; background-size:cover; background-image:url('https:\/\/dcadha.webs.upv.es\/wp-content\/uploads\/2022\/06\/289237181_595605675462686_8477399711743136726_n.jpg')\">\n      \n      <\/div>\n            <div class=\"testimonial-item\" style=\"height:350px; background-size:cover; background-image:url('https:\/\/dcadha.webs.upv.es\/wp-content\/uploads\/2022\/06\/FVc_pisWIAAnyrf.jpeg')\">\n      \n      <\/div>\n            <\/div>\n<\/div>\n<\/div>\n<\/div>\n<\/div><\/div>\n<\/div><\/div>\n\n\n\n<div class=\"wp-block-columns justify-content-center is-layout-flex wp-container-core-columns-is-layout-9d6595d7 wp-block-columns-is-layout-flex\">\n<div class=\"wp-block-column is-layout-flow wp-block-column-is-layout-flow\">\n<div class=\"wp-block-group section-padding\"><div class=\"wp-block-group__inner-container is-layout-flow wp-block-group-is-layout-flow\">\n<div class=\"wp-block-columns is-layout-flex wp-container-core-columns-is-layout-9d6595d7 wp-block-columns-is-layout-flex\">\n<div class=\"wp-block-column is-layout-flow wp-block-column-is-layout-flow\" style=\"flex-basis:25%\"><\/div>\n\n\n\n<div class=\"wp-block-column is-layout-flow wp-block-column-is-layout-flow\" style=\"flex-basis:50%\">\n<p class=\"has-text-align-center subheading mb-0\">investigaci\u00f3<\/p>\n\n\n\n<h2 class=\"wp-block-heading has-text-align-center\" id=\"equipo\">Investiguem en col\u00b7laboraci\u00f3<\/h2>\n<\/div>\n\n\n\n<div class=\"wp-block-column is-layout-flow wp-block-column-is-layout-flow\" style=\"flex-basis:25%\"><\/div>\n<\/div>\n\n\n\n<p><strong>El DCADHA sempre est\u00e0 disposat a col\u00b7laborar amb altres departaments, instituts i centres d&#8217;investigaci\u00f3 i empreses<\/strong>, amb la finalitat de generar sinergies i aportar els nostres coneixements per tal de resoldre qualsevol obstacle i afrontar els desafiaments d&#8217;altres camps de coneixement, per a evolucionar, gr\u00e0cies a les aportacions i metodologies d&#8217;altres especialistes i, aix\u00ed, contribuir als nous desafiaments cient\u00edfics, culturals i socials des d&#8217;una perspectiva oberta i sostenible a l&#8217;abast de la societat.<\/p>\n\n\n\n<div style=\"height:25px\" aria-hidden=\"true\" class=\"wp-block-spacer\"><\/div>\n\n\n\n<div class=\"wp-block-buttons is-layout-flex wp-block-buttons-is-layout-flex\">\n<div class=\"wp-block-button aligncenter\"><a class=\"wp-block-button__link wp-element-button\" href=\"https:\/\/dcadha.webs.upv.es\/?page_id=277\">M\u00e9s informaci\u00f3<\/a><\/div>\n<\/div>\n<\/div><\/div>\n<\/div>\n<\/div>\n\n\n\n<p><\/p>\n","protected":false},"excerpt":{"rendered":"<p>investigaci\u00f3 Presentaci\u00f3 El DCADHA \u00e9s un departament amb un marcat car\u00e0cter multidisciplinari format per un equip de professors especialitzats en 8 \u00e0rees de coneixement com s\u00f3n Comunicaci\u00f3 Audiovisual, Biblioteconomia i Documentaci\u00f3, Hist\u00f2ria de l&#8217;Art, Est\u00e8tica, Publicitat, M\u00fasica i Hist\u00f2ria de l&#8217;Educaci\u00f3, aix\u00ed com altres camps afins com la Fotografia, Museologia o Gesti\u00f3 cultural. La versatilitat [&hellip;]<\/p>\n","protected":false},"author":1,"featured_media":1229,"parent":0,"menu_order":0,"comment_status":"closed","ping_status":"closed","template":"","meta":{"_acf_changed":false,"footnotes":""},"class_list":["post-1395","page","type-page","status-publish","has-post-thumbnail","hentry"],"acf":[],"_links":{"self":[{"href":"https:\/\/dcadha.webs.upv.es\/ca\/wp-json\/wp\/v2\/pages\/1395","targetHints":{"allow":["GET"]}}],"collection":[{"href":"https:\/\/dcadha.webs.upv.es\/ca\/wp-json\/wp\/v2\/pages"}],"about":[{"href":"https:\/\/dcadha.webs.upv.es\/ca\/wp-json\/wp\/v2\/types\/page"}],"author":[{"embeddable":true,"href":"https:\/\/dcadha.webs.upv.es\/ca\/wp-json\/wp\/v2\/users\/1"}],"replies":[{"embeddable":true,"href":"https:\/\/dcadha.webs.upv.es\/ca\/wp-json\/wp\/v2\/comments?post=1395"}],"version-history":[{"count":1,"href":"https:\/\/dcadha.webs.upv.es\/ca\/wp-json\/wp\/v2\/pages\/1395\/revisions"}],"predecessor-version":[{"id":1625,"href":"https:\/\/dcadha.webs.upv.es\/ca\/wp-json\/wp\/v2\/pages\/1395\/revisions\/1625"}],"wp:featuredmedia":[{"embeddable":true,"href":"https:\/\/dcadha.webs.upv.es\/ca\/wp-json\/wp\/v2\/media\/1229"}],"wp:attachment":[{"href":"https:\/\/dcadha.webs.upv.es\/ca\/wp-json\/wp\/v2\/media?parent=1395"}],"curies":[{"name":"wp","href":"https:\/\/api.w.org\/{rel}","templated":true}]}}