{"id":1393,"date":"2021-12-07T17:43:11","date_gmt":"2021-12-07T17:43:11","guid":{"rendered":"https:\/\/dcadha.webs.upv.es\/departament\/presentacio\/"},"modified":"2023-01-03T11:50:08","modified_gmt":"2023-01-03T11:50:08","slug":"presentacio","status":"publish","type":"page","link":"https:\/\/dcadha.webs.upv.es\/ca\/departament\/presentacio\/","title":{"rendered":"Presentaci\u00f3"},"content":{"rendered":"\n<p>Hereu del Departament d&#8217;Hist\u00f2ria de l&#8217;Art, s&#8217;ha constitu\u00eft des de 1999 com el responsable de la doc\u00e8ncia en les \u00e0rees de <strong>Biblioteconomia i Documentaci\u00f3, Comunicaci\u00f3 Audiovisual i Publicitat, Est\u00e8tica i Teoria de les Arts, Hist\u00f2ria de l&#8217;Art, M\u00fasica i Teoria i Hist\u00f2ria de l&#8217;Educaci\u00f3<\/strong>, participant en 6 centres, 15 graus, 11 m\u00e0sters oficials i 2 programes de doctorat entre els campus de Vera i de Gandia. \u00c9s responsable del <a href=\"http:\/\/mastergestioncultural.es\/\" target=\"_blank\" rel=\"noreferrer noopener\">M\u00e0ster Universitari en Gesti\u00f3 Cultural<\/a> i del <a href=\"http:\/\/www.upv.es\/entidades\/EDOCTORADO\/info\/1004639normalc.html\" target=\"_blank\" rel=\"noreferrer noopener\">Programa de Doctorat en Ind\u00fastries de la Comunicaci\u00f3 i Culturals.<\/a><\/p>\n\n\n\n<p>A m\u00e9s, les seues l\u00ednies d&#8217;investigaci\u00f3 van des de les<strong>m\u00e8triques web, dades obertes, comunicaci\u00f3 cient\u00edfica<\/strong>, fins a la <strong>comunicaci\u00f3 transm\u00e8dia<\/strong> i els <strong>formats audiovisuals<\/strong>, passant per la teoria de l&#8217;art i les fonts per a l&#8217;estudi de la Hist\u00f2ria de l&#8217;Art.<\/p>\n\n\n\n<p>Amb aquesta projecci\u00f3, el DCADHA pret\u00e9n <strong>formar els professionals de la societat de la informaci\u00f3<\/strong> en plena transformaci\u00f3 digital, desenvolupant el seu treball cient\u00edfic en les disciplines d&#8217;Humanitats i Ci\u00e8ncies Socials.<\/p>\n\n\n\n<div style=\"height:50px\" aria-hidden=\"true\" class=\"wp-block-spacer\"><\/div>\n","protected":false},"excerpt":{"rendered":"<p>Hereu del Departament d&#8217;Hist\u00f2ria de l&#8217;Art, s&#8217;ha constitu\u00eft des de 1999 com el responsable de la doc\u00e8ncia en les \u00e0rees de Biblioteconomia i Documentaci\u00f3, Comunicaci\u00f3 Audiovisual i Publicitat, Est\u00e8tica i Teoria de les Arts, Hist\u00f2ria de l&#8217;Art, M\u00fasica i Teoria i Hist\u00f2ria de l&#8217;Educaci\u00f3, participant en 6 centres, 15 graus, 11 m\u00e0sters oficials i 2 [&hellip;]<\/p>\n","protected":false},"author":1,"featured_media":1229,"parent":1387,"menu_order":0,"comment_status":"closed","ping_status":"closed","template":"","meta":{"_acf_changed":false,"footnotes":""},"class_list":["post-1393","page","type-page","status-publish","has-post-thumbnail","hentry"],"acf":[],"_links":{"self":[{"href":"https:\/\/dcadha.webs.upv.es\/ca\/wp-json\/wp\/v2\/pages\/1393","targetHints":{"allow":["GET"]}}],"collection":[{"href":"https:\/\/dcadha.webs.upv.es\/ca\/wp-json\/wp\/v2\/pages"}],"about":[{"href":"https:\/\/dcadha.webs.upv.es\/ca\/wp-json\/wp\/v2\/types\/page"}],"author":[{"embeddable":true,"href":"https:\/\/dcadha.webs.upv.es\/ca\/wp-json\/wp\/v2\/users\/1"}],"replies":[{"embeddable":true,"href":"https:\/\/dcadha.webs.upv.es\/ca\/wp-json\/wp\/v2\/comments?post=1393"}],"version-history":[{"count":1,"href":"https:\/\/dcadha.webs.upv.es\/ca\/wp-json\/wp\/v2\/pages\/1393\/revisions"}],"predecessor-version":[{"id":1394,"href":"https:\/\/dcadha.webs.upv.es\/ca\/wp-json\/wp\/v2\/pages\/1393\/revisions\/1394"}],"up":[{"embeddable":true,"href":"https:\/\/dcadha.webs.upv.es\/ca\/wp-json\/wp\/v2\/pages\/1387"}],"wp:featuredmedia":[{"embeddable":true,"href":"https:\/\/dcadha.webs.upv.es\/ca\/wp-json\/wp\/v2\/media\/1229"}],"wp:attachment":[{"href":"https:\/\/dcadha.webs.upv.es\/ca\/wp-json\/wp\/v2\/media?parent=1393"}],"curies":[{"name":"wp","href":"https:\/\/api.w.org\/{rel}","templated":true}]}}